{"id":183,"date":"2020-09-15T11:17:15","date_gmt":"2020-09-15T11:17:15","guid":{"rendered":"http:\/\/sogancioglu.com\/?page_id=183"},"modified":"2021-11-04T14:45:26","modified_gmt":"2021-11-04T14:45:26","slug":"anasayfa-denemesi","status":"publish","type":"page","link":"https:\/\/www.sogancioglu.com\/en\/","title":{"rendered":"Anasayfa denemesi"},"content":{"rendered":"<div data-elementor-type=\"wp-page\" data-elementor-id=\"183\" class=\"elementor elementor-183\" data-elementor-settings=\"[]\">\n\t\t\t<div class=\"elementor-inner\">\n\t\t\t\t<div class=\"elementor-section-wrap\">\n\t\t\t\t\t\t\t<section class=\"elementor-element elementor-element-045dc18 elementor-section-boxed elementor-section-height-default elementor-section-height-default elementor-section elementor-top-section\" data-id=\"045dc18\" data-element_type=\"section\">\n\t\t\t\t\t\t<div class=\"elementor-container elementor-column-gap-default\">\n\t\t\t\t<div class=\"elementor-row\">\n\t\t\t\t<div class=\"elementor-element elementor-element-b383e6c elementor-column elementor-col-100 elementor-top-column\" data-id=\"b383e6c\" data-element_type=\"column\">\n\t\t\t<div class=\"elementor-column-wrap  elementor-element-populated\">\n\t\t\t\t\t<div class=\"elementor-widget-wrap\">\n\t\t\t\t<div class=\"elementor-element elementor-element-e7a6b8a elementor-widget elementor-widget-image\" data-id=\"e7a6b8a\" data-element_type=\"widget\" data-widget_type=\"image.default\">\n\t\t\t\t<div class=\"elementor-widget-container\">\n\t\t\t\t\t<div class=\"elementor-image\">\n\t\t\t\t\t\t\t\t\t\t<img loading=\"lazy\" decoding=\"async\" width=\"2560\" height=\"1323\" src=\"https:\/\/www.sogancioglu.com\/wp-content\/uploads\/2020\/07\/deneme-12-scaled.jpg\" class=\"attachment-full size-full\" alt=\"\" srcset=\"https:\/\/www.sogancioglu.com\/wp-content\/uploads\/2020\/07\/deneme-12-scaled.jpg 2560w, https:\/\/www.sogancioglu.com\/wp-content\/uploads\/2020\/07\/deneme-12-300x155.jpg 300w, https:\/\/www.sogancioglu.com\/wp-content\/uploads\/2020\/07\/deneme-12-1024x529.jpg 1024w, https:\/\/www.sogancioglu.com\/wp-content\/uploads\/2020\/07\/deneme-12-768x397.jpg 768w, https:\/\/www.sogancioglu.com\/wp-content\/uploads\/2020\/07\/deneme-12-1536x794.jpg 1536w, https:\/\/www.sogancioglu.com\/wp-content\/uploads\/2020\/07\/deneme-12-2048x1059.jpg 2048w\" sizes=\"auto, (max-width: 2560px) 100vw, 2560px\" \/>\t\t\t\t\t\t\t\t\t\t\t<\/div>\n\t\t\t\t<\/div>\n\t\t\t\t<\/div>\n\t\t\t\t\t\t<\/div>\n\t\t\t<\/div>\n\t\t<\/div>\n\t\t\t\t\t\t<\/div>\n\t\t\t<\/div>\n\t\t<\/section>\n\t\t\t\t<section class=\"elementor-element elementor-element-3515afc elementor-section-boxed elementor-section-height-default elementor-section-height-default elementor-section elementor-top-section\" data-id=\"3515afc\" data-element_type=\"section\">\n\t\t\t\t\t\t<div class=\"elementor-container elementor-column-gap-default\">\n\t\t\t\t<div class=\"elementor-row\">\n\t\t\t\t<div class=\"elementor-element elementor-element-f2dd45b elementor-column elementor-col-100 elementor-top-column\" data-id=\"f2dd45b\" data-element_type=\"column\">\n\t\t\t<div class=\"elementor-column-wrap  elementor-element-populated\">\n\t\t\t\t\t<div class=\"elementor-widget-wrap\">\n\t\t\t\t<div class=\"elementor-element elementor-element-269760f elementor-widget elementor-widget-text-editor\" data-id=\"269760f\" data-element_type=\"widget\" data-widget_type=\"text-editor.default\">\n\t\t\t\t<div class=\"elementor-widget-container\">\n\t\t\t\t\t<div class=\"elementor-text-editor elementor-clearfix\"><span style=\"color: #ABA2A2;\"> So\u011fanc\u0131o\u011flu Law Firm is established by An\u0131l So\u011fanc\u0131o\u011flu in 2007, which provides advocacy and legal consultancy services with legal and technical basis.<\/span><\/div>\n\t\t\t\t<\/div>\n\t\t\t\t<\/div>\n\t\t\t\t\t\t<\/div>\n\t\t\t<\/div>\n\t\t<\/div>\n\t\t\t\t\t\t<\/div>\n\t\t\t<\/div>\n\t\t<\/section>\n\t\t\t\t\t\t<\/div>\n\t\t\t<\/div>\n\t\t<\/div>","protected":false},"excerpt":{"rendered":"<p>So\u011fanc\u0131o\u011flu Law Firm is established by An\u0131l So\u011fanc\u0131o\u011flu in 2007, which provides advocacy and legal consultancy services with legal and technical basis.<\/p>","protected":false},"author":1,"featured_media":0,"parent":0,"menu_order":0,"comment_status":"closed","ping_status":"closed","template":"","meta":{"footnotes":""},"class_list":["post-183","page","type-page","status-publish","hentry"],"_links":{"self":[{"href":"https:\/\/www.sogancioglu.com\/en\/wp-json\/wp\/v2\/pages\/183","targetHints":{"allow":["GET"]}}],"collection":[{"href":"https:\/\/www.sogancioglu.com\/en\/wp-json\/wp\/v2\/pages"}],"about":[{"href":"https:\/\/www.sogancioglu.com\/en\/wp-json\/wp\/v2\/types\/page"}],"author":[{"embeddable":true,"href":"https:\/\/www.sogancioglu.com\/en\/wp-json\/wp\/v2\/users\/1"}],"replies":[{"embeddable":true,"href":"https:\/\/www.sogancioglu.com\/en\/wp-json\/wp\/v2\/comments?post=183"}],"version-history":[{"count":35,"href":"https:\/\/www.sogancioglu.com\/en\/wp-json\/wp\/v2\/pages\/183\/revisions"}],"predecessor-version":[{"id":365,"href":"https:\/\/www.sogancioglu.com\/en\/wp-json\/wp\/v2\/pages\/183\/revisions\/365"}],"wp:attachment":[{"href":"https:\/\/www.sogancioglu.com\/en\/wp-json\/wp\/v2\/media?parent=183"}],"curies":[{"name":"wp","href":"https:\/\/api.w.org\/{rel}","templated":true}]}}