{"id":31,"date":"2020-06-16T21:49:21","date_gmt":"2020-06-16T21:49:21","guid":{"rendered":"http:\/\/sogancioglu.com\/?page_id=31"},"modified":"2026-02-02T13:57:26","modified_gmt":"2026-02-02T13:57:26","slug":"hakkimizda","status":"publish","type":"page","link":"https:\/\/www.sogancioglu.com\/en\/hakkimizda\/","title":{"rendered":"ABOUT US"},"content":{"rendered":"<div data-elementor-type=\"wp-page\" data-elementor-id=\"31\" class=\"elementor elementor-31\" data-elementor-settings=\"[]\">\n\t\t\t<div class=\"elementor-inner\">\n\t\t\t\t<div class=\"elementor-section-wrap\">\n\t\t\t\t\t\t\t<section class=\"elementor-element elementor-element-c3e072a elementor-section-full_width elementor-section-height-default elementor-section-height-default elementor-section elementor-top-section\" data-id=\"c3e072a\" data-element_type=\"section\">\n\t\t\t\t\t\t<div class=\"elementor-container elementor-column-gap-default\">\n\t\t\t\t<div class=\"elementor-row\">\n\t\t\t\t<div class=\"elementor-element elementor-element-1f95e2e elementor-column elementor-col-100 elementor-top-column\" data-id=\"1f95e2e\" data-element_type=\"column\">\n\t\t\t<div class=\"elementor-column-wrap  elementor-element-populated\">\n\t\t\t\t\t<div class=\"elementor-widget-wrap\">\n\t\t\t\t<div class=\"elementor-element elementor-element-957aca9 elementor-widget elementor-widget-image\" data-id=\"957aca9\" data-element_type=\"widget\" data-widget_type=\"image.default\">\n\t\t\t\t<div class=\"elementor-widget-container\">\n\t\t\t\t\t<div class=\"elementor-image\">\n\t\t\t\t\t\t\t\t\t\t<img loading=\"lazy\" decoding=\"async\" width=\"2560\" height=\"953\" src=\"https:\/\/www.sogancioglu.com\/wp-content\/uploads\/2020\/07\/deneme-14-scaled.jpg\" class=\"attachment-full size-full\" alt=\"\" srcset=\"https:\/\/www.sogancioglu.com\/wp-content\/uploads\/2020\/07\/deneme-14-scaled.jpg 2560w, https:\/\/www.sogancioglu.com\/wp-content\/uploads\/2020\/07\/deneme-14-300x112.jpg 300w, https:\/\/www.sogancioglu.com\/wp-content\/uploads\/2020\/07\/deneme-14-1024x381.jpg 1024w, https:\/\/www.sogancioglu.com\/wp-content\/uploads\/2020\/07\/deneme-14-768x286.jpg 768w, https:\/\/www.sogancioglu.com\/wp-content\/uploads\/2020\/07\/deneme-14-1536x572.jpg 1536w, https:\/\/www.sogancioglu.com\/wp-content\/uploads\/2020\/07\/deneme-14-2048x762.jpg 2048w\" sizes=\"auto, (max-width: 2560px) 100vw, 2560px\" \/>\t\t\t\t\t\t\t\t\t\t\t<\/div>\n\t\t\t\t<\/div>\n\t\t\t\t<\/div>\n\t\t\t\t\t\t<\/div>\n\t\t\t<\/div>\n\t\t<\/div>\n\t\t\t\t\t\t<\/div>\n\t\t\t<\/div>\n\t\t<\/section>\n\t\t\t\t<section class=\"elementor-element elementor-element-55fcd1b elementor-section-boxed elementor-section-height-default elementor-section-height-default elementor-section elementor-top-section\" data-id=\"55fcd1b\" data-element_type=\"section\">\n\t\t\t\t\t\t<div class=\"elementor-container elementor-column-gap-default\">\n\t\t\t\t<div class=\"elementor-row\">\n\t\t\t\t<div class=\"elementor-element elementor-element-fa10111 elementor-column elementor-col-100 elementor-top-column\" data-id=\"fa10111\" data-element_type=\"column\">\n\t\t\t<div class=\"elementor-column-wrap  elementor-element-populated\">\n\t\t\t\t\t<div class=\"elementor-widget-wrap\">\n\t\t\t\t<div class=\"elementor-element elementor-element-0cf47fb elementor-widget elementor-widget-heading\" data-id=\"0cf47fb\" data-element_type=\"widget\" data-widget_type=\"heading.default\">\n\t\t\t\t<div class=\"elementor-widget-container\">\n\t\t\t<h2 class=\"elementor-heading-title elementor-size-default\">About us<\/h2>\t\t<\/div>\n\t\t\t\t<\/div>\n\t\t\t\t<div class=\"elementor-element elementor-element-6c95a6a elementor-widget elementor-widget-text-editor\" data-id=\"6c95a6a\" data-element_type=\"widget\" data-widget_type=\"text-editor.default\">\n\t\t\t\t<div class=\"elementor-widget-container\">\n\t\t\t\t\t<div class=\"elementor-text-editor elementor-clearfix\"><p>So\u011fanc\u0131o\u011flu Law Firm which established in\n2007, provides legal consultancy and\nadvocacy services to its clients mainly;\u00a0<strong>Compensation Law<\/strong>\u00a0<em>(Maddi ve bedeni\/cismani zararlardan do\u011fan tazminat davalar\u0131)<\/em>,\u00a0<strong>Insurance Law<\/strong>\u00a0<em>( Claim for damages arising from material and bodily injury and recourse)<\/em>,\u00a0<strong>Real Estate Law<\/strong>\u00a0\u00a0<em>(Elimination of joint ownership, pre-emption and especially rental law claims and similar legal\ndisputes),<\/em>\u00a0<strong>Labor Lab<\/strong>\u00a0<em>(\u0130\u015f\u00e7i ve i\u015fveren aras\u0131nda meydana gelen hukuki uyu\u015fmazl\u0131klar ile bu alanda hukuki dan\u0131\u015fmanl\u0131k hizmetleri sunulmas\u0131), <\/em><strong>Family Law<\/strong><em> (Bo\u015fanma davalar\u0131 ile mail rejiminin tasfiyesine dair davalar)<\/em> ile<strong> Assosication Law\u00a0<\/strong><em>(Derneklerin genel kurul s\u00fcre\u00e7leri ve genel y\u00f6netim s\u00fcre\u00e7leriyle ilgili hukuki dan\u0131\u015fmanl\u0131k hizmetlerinin sunulmas\u0131)\u00a0alanlar\u0131nda m\u00fcvekkillerine hukuki dan\u0131\u015fmanl\u0131k ve avukatl\u0131k hizmeti sunmaktad\u0131r.<\/em><\/p><\/div>\n\t\t\t\t<\/div>\n\t\t\t\t<\/div>\n\t\t\t\t\t\t<\/div>\n\t\t\t<\/div>\n\t\t<\/div>\n\t\t\t\t\t\t<\/div>\n\t\t\t<\/div>\n\t\t<\/section>\n\t\t\t\t\t\t<\/div>\n\t\t\t<\/div>\n\t\t<\/div>","protected":false},"excerpt":{"rendered":"<p>Hakk\u0131m\u0131zda 2007 Y\u0131l\u0131nda kurulmu\u015f olan Hukuk B\u00fcromuz, a\u011f\u0131rl\u0131kl\u0131 olarak\u00a0Tazminat Hukuku\u00a0(Maddi ve bedeni\/cismani zararlardan do\u011fan tazminat davalar\u0131),\u00a0Sigorta Hukuku\u00a0(Maddi ve bedeni hasarlardan do\u011fan tazminat davalar\u0131 ile r\u00fccuen tazminat davalar\u0131),\u00a0Ta\u015f\u0131nmaz Hukuku\u00a0\u00a0(A\u011f\u0131rl\u0131kl\u0131 olarak Kira Hukuku olmak \u00fczere ortakl\u0131\u011f\u0131n giderilmesi ve \u00f6n al\u0131m davalar\u0131 ile benzeri hukuki uyu\u015fmazl\u0131klar),\u00a0\u0130\u015f Hukuku\u00a0(\u0130\u015f\u00e7i ve i\u015fveren aras\u0131nda meydana gelen hukuki uyu\u015fmazl\u0131klar ile bu alanda hukuki [&hellip;]<\/p>","protected":false},"author":1,"featured_media":0,"parent":0,"menu_order":0,"comment_status":"closed","ping_status":"closed","template":"","meta":{"footnotes":""},"class_list":["post-31","page","type-page","status-publish","hentry"],"_links":{"self":[{"href":"https:\/\/www.sogancioglu.com\/en\/wp-json\/wp\/v2\/pages\/31","targetHints":{"allow":["GET"]}}],"collection":[{"href":"https:\/\/www.sogancioglu.com\/en\/wp-json\/wp\/v2\/pages"}],"about":[{"href":"https:\/\/www.sogancioglu.com\/en\/wp-json\/wp\/v2\/types\/page"}],"author":[{"embeddable":true,"href":"https:\/\/www.sogancioglu.com\/en\/wp-json\/wp\/v2\/users\/1"}],"replies":[{"embeddable":true,"href":"https:\/\/www.sogancioglu.com\/en\/wp-json\/wp\/v2\/comments?post=31"}],"version-history":[{"count":21,"href":"https:\/\/www.sogancioglu.com\/en\/wp-json\/wp\/v2\/pages\/31\/revisions"}],"predecessor-version":[{"id":459,"href":"https:\/\/www.sogancioglu.com\/en\/wp-json\/wp\/v2\/pages\/31\/revisions\/459"}],"wp:attachment":[{"href":"https:\/\/www.sogancioglu.com\/en\/wp-json\/wp\/v2\/media?parent=31"}],"curies":[{"name":"wp","href":"https:\/\/api.w.org\/{rel}","templated":true}]}}