{"id":36,"date":"2020-06-16T22:08:04","date_gmt":"2020-06-16T22:08:04","guid":{"rendered":"http:\/\/sogancioglu.com\/?page_id=36"},"modified":"2026-02-02T14:00:12","modified_gmt":"2026-02-02T14:00:12","slug":"faaliyet-alanlari","status":"publish","type":"page","link":"https:\/\/www.sogancioglu.com\/en\/faaliyet-alanlari\/","title":{"rendered":"PRACTICE AREAS"},"content":{"rendered":"<div data-elementor-type=\"wp-page\" data-elementor-id=\"36\" class=\"elementor elementor-36\" data-elementor-settings=\"[]\">\n\t\t\t<div class=\"elementor-inner\">\n\t\t\t\t<div class=\"elementor-section-wrap\">\n\t\t\t\t\t\t\t<section class=\"elementor-element elementor-element-6cc8545 elementor-section-boxed elementor-section-height-default elementor-section-height-default elementor-section elementor-top-section\" data-id=\"6cc8545\" data-element_type=\"section\">\n\t\t\t\t\t\t<div class=\"elementor-container elementor-column-gap-default\">\n\t\t\t\t<div class=\"elementor-row\">\n\t\t\t\t<div class=\"elementor-element elementor-element-f54f18b elementor-column elementor-col-100 elementor-top-column\" data-id=\"f54f18b\" data-element_type=\"column\">\n\t\t\t<div class=\"elementor-column-wrap  elementor-element-populated\">\n\t\t\t\t\t<div class=\"elementor-widget-wrap\">\n\t\t\t\t<div class=\"elementor-element elementor-element-57a8d19 elementor-widget elementor-widget-image\" data-id=\"57a8d19\" data-element_type=\"widget\" data-widget_type=\"image.default\">\n\t\t\t\t<div class=\"elementor-widget-container\">\n\t\t\t\t\t<div class=\"elementor-image\">\n\t\t\t\t\t\t\t\t\t\t<img loading=\"lazy\" decoding=\"async\" width=\"2560\" height=\"953\" src=\"https:\/\/www.sogancioglu.com\/wp-content\/uploads\/2020\/07\/deneme-15-scaled.jpg\" class=\"attachment-full size-full\" alt=\"\" srcset=\"https:\/\/www.sogancioglu.com\/wp-content\/uploads\/2020\/07\/deneme-15-scaled.jpg 2560w, https:\/\/www.sogancioglu.com\/wp-content\/uploads\/2020\/07\/deneme-15-300x112.jpg 300w, https:\/\/www.sogancioglu.com\/wp-content\/uploads\/2020\/07\/deneme-15-1024x381.jpg 1024w, https:\/\/www.sogancioglu.com\/wp-content\/uploads\/2020\/07\/deneme-15-768x286.jpg 768w, https:\/\/www.sogancioglu.com\/wp-content\/uploads\/2020\/07\/deneme-15-1536x572.jpg 1536w, https:\/\/www.sogancioglu.com\/wp-content\/uploads\/2020\/07\/deneme-15-2048x762.jpg 2048w\" sizes=\"auto, (max-width: 2560px) 100vw, 2560px\" \/>\t\t\t\t\t\t\t\t\t\t\t<\/div>\n\t\t\t\t<\/div>\n\t\t\t\t<\/div>\n\t\t\t\t\t\t<\/div>\n\t\t\t<\/div>\n\t\t<\/div>\n\t\t\t\t\t\t<\/div>\n\t\t\t<\/div>\n\t\t<\/section>\n\t\t\t\t<section class=\"elementor-element elementor-element-011363c elementor-section-boxed elementor-section-height-default elementor-section-height-default elementor-section elementor-top-section\" data-id=\"011363c\" data-element_type=\"section\">\n\t\t\t\t\t\t<div class=\"elementor-container elementor-column-gap-default\">\n\t\t\t\t<div class=\"elementor-row\">\n\t\t\t\t<div class=\"elementor-element elementor-element-659fc40 elementor-column elementor-col-100 elementor-top-column\" data-id=\"659fc40\" data-element_type=\"column\">\n\t\t\t<div class=\"elementor-column-wrap  elementor-element-populated\">\n\t\t\t\t\t<div class=\"elementor-widget-wrap\">\n\t\t\t\t<div class=\"elementor-element elementor-element-9019abe elementor-widget elementor-widget-heading\" data-id=\"9019abe\" data-element_type=\"widget\" data-widget_type=\"heading.default\">\n\t\t\t\t<div class=\"elementor-widget-container\">\n\t\t\t<h2 class=\"elementor-heading-title elementor-size-default\">Practice Areas<\/h2>\t\t<\/div>\n\t\t\t\t<\/div>\n\t\t\t\t<div class=\"elementor-element elementor-element-361a7d8 elementor-widget elementor-widget-text-editor\" data-id=\"361a7d8\" data-element_type=\"widget\" data-widget_type=\"text-editor.default\">\n\t\t\t\t<div class=\"elementor-widget-container\">\n\t\t\t\t\t<div class=\"elementor-text-editor elementor-clearfix\"><ul><li><strong>Compensation Law :<\/strong><\/li><\/ul><p>Maddi ve bedeni\/cismani zararlardan do\u011fan tazminat davalar\u0131,<\/p><p>Trafik kazalar\u0131 neticesinde meydana gelen maddi ve bedeni hasarlardan do\u011fan tazminat davalar\u0131 ile Sigorta Tahkim Komisyonu nezdindeki ba\u015fvurular;<\/p><ul><li><em>Ara\u00e7ta meydana gelen hasara dair maddi tazminat talepleri ve davalar\u0131,<\/em><\/li><\/ul><ul><li><em>Hasara u\u011frayan ara\u00e7lara dair de\u011fer kayb\u0131 talepleri ve davalar\u0131,<\/em><\/li><\/ul><ul><li><em>Ara\u00e7lar\u0131n onar\u0131m\/tamir s\u00fcresince kullan\u0131lamamas\u0131na ba\u011fl\u0131 olarak kar kayb\u0131na dair talep ve davalar,<\/em><\/li><\/ul><ul><li><em>A\u011f\u0131r hasarl\u0131 (Pert) duruma gelen ara\u00e7lara dair talep ve davalar,<\/em><\/li><\/ul><ul><li><em>Cismani\/Bedeni hasarlar \u00e7er\u00e7evesinde; destekten yoksun kalma tazminat\u0131na dair talep ve davalar ile maluliyet halinde, ge\u00e7ici ve s\u00fcrekli i\u015f g\u00f6remezlik tazminat\u0131na, bak\u0131c\u0131 giderine dair talep ve davalar.<\/em><\/li><\/ul><p>Manevi tazminat davalar\u0131.<\/p><ul><li><strong>Insurance Law:<\/strong><\/li><\/ul><p>Maddi ve bedeni hasarlardan do\u011fan maddi ve manevi tazminat davalar\u0131 ile r\u00fccuen tazminat davalar\u0131;<\/p><ul><li><em>Zorunlu Mali Mesuliyet Sigortas\u0131 (Trafik Sigortas\u0131) kapsam\u0131ndaki hukuki uyu\u015fmazl\u0131klar,<\/em><\/li><\/ul><ul><li><em>Kasko Poli\u00e7esi kapsam\u0131ndaki hukuki uyu\u015fmazl\u0131klar,<\/em><\/li><\/ul><ul><li><em>\u0130htiyari Mali Mesuliyet Sigortas\u0131 kapsam\u0131ndaki hukuki uyu\u015fmazl\u0131klar,<\/em><\/li><\/ul><ul><li><em>Nakliye (Ta\u015f\u0131mac\u0131l\u0131k) Sigortas\u0131 kapsam\u0131ndaki hukuki uyu\u015fmazl\u0131klar,<\/em><\/li><\/ul><ul><li><em>Yang\u0131n Sigortas\u0131 kapsam\u0131ndaki hukuki uyu\u015fmazl\u0131klar,<\/em><\/li><\/ul><ul><li><em>Makine K\u0131r\u0131lmas\u0131 Sigortas\u0131 kapsam\u0131ndaki hukuki uyu\u015fmazl\u0131klar,<\/em><\/li><\/ul><ul><li><em>\u0130n\u015faat Sigortas\u0131 kapsam\u0131ndaki hukuki uyu\u015fmazl\u0131klar,<\/em><\/li><\/ul><ul><li><em>\u0130\u015fveren Sorumluluk Sigortas\u0131 kapsam\u0131ndaki hukuki uyu\u015fmazl\u0131klar,<\/em><\/li><\/ul><ul><li><em>Mesleki Sorumluluk Sigortas\u0131 kapsam\u0131ndaki hukuki uyu\u015fmazl\u0131klar ve di\u011ferleri.<\/em><\/li><\/ul><ul><li><strong>Real Estate Law:<\/strong><\/li><\/ul><p>Elimination of joint ownership, pre-emption and especially rental law claims and similar legal disputes<\/p><ul><li><strong>Labor Lab<\/strong>\u00a0:<\/li><\/ul><p>\u0130\u015f\u00e7i ve i\u015fveren aras\u0131nda meydana gelen hukuki uyu\u015fmazl\u0131klar ile bu alanda hukuki dan\u0131\u015fmanl\u0131k hizmeti sunulmas\u0131.<\/p><ul><li><strong>Family Law<\/strong>\u00a0:<\/li><\/ul><p>Bo\u015fanma davalar\u0131 ile mal rejimine ve mal rejiminin tasfiyesine dair davalar<\/p><ul><li><strong>Assosication Law :<\/strong><\/li><\/ul><p>Derneklerin genel kurul s\u00fcre\u00e7leri ve genel y\u00f6netim s\u00fcre\u00e7leriyle ilgili hukuki dan\u0131\u015fmanl\u0131k hizmeti sunulmas\u0131.<\/p><\/div>\n\t\t\t\t<\/div>\n\t\t\t\t<\/div>\n\t\t\t\t\t\t<\/div>\n\t\t\t<\/div>\n\t\t<\/div>\n\t\t\t\t\t\t<\/div>\n\t\t\t<\/div>\n\t\t<\/section>\n\t\t\t\t\t\t<\/div>\n\t\t\t<\/div>\n\t\t<\/div>","protected":false},"excerpt":{"rendered":"<p>Faaliyet Alanlar\u0131 Tazminat Hukuku : Maddi ve bedeni\/cismani zararlardan do\u011fan tazminat davalar\u0131, Trafik kazalar\u0131 neticesinde meydana gelen maddi ve bedeni hasarlardan do\u011fan tazminat davalar\u0131 ile Sigorta Tahkim Komisyonu nezdindeki ba\u015fvurular; Ara\u00e7ta meydana gelen hasara dair maddi tazminat talepleri ve davalar\u0131, Hasara u\u011frayan ara\u00e7lara dair de\u011fer kayb\u0131 talepleri ve davalar\u0131, Ara\u00e7lar\u0131n onar\u0131m\/tamir s\u00fcresince kullan\u0131lamamas\u0131na ba\u011fl\u0131 olarak [&hellip;]<\/p>","protected":false},"author":1,"featured_media":0,"parent":0,"menu_order":0,"comment_status":"closed","ping_status":"closed","template":"","meta":{"footnotes":""},"class_list":["post-36","page","type-page","status-publish","hentry"],"_links":{"self":[{"href":"https:\/\/www.sogancioglu.com\/en\/wp-json\/wp\/v2\/pages\/36","targetHints":{"allow":["GET"]}}],"collection":[{"href":"https:\/\/www.sogancioglu.com\/en\/wp-json\/wp\/v2\/pages"}],"about":[{"href":"https:\/\/www.sogancioglu.com\/en\/wp-json\/wp\/v2\/types\/page"}],"author":[{"embeddable":true,"href":"https:\/\/www.sogancioglu.com\/en\/wp-json\/wp\/v2\/users\/1"}],"replies":[{"embeddable":true,"href":"https:\/\/www.sogancioglu.com\/en\/wp-json\/wp\/v2\/comments?post=36"}],"version-history":[{"count":20,"href":"https:\/\/www.sogancioglu.com\/en\/wp-json\/wp\/v2\/pages\/36\/revisions"}],"predecessor-version":[{"id":460,"href":"https:\/\/www.sogancioglu.com\/en\/wp-json\/wp\/v2\/pages\/36\/revisions\/460"}],"wp:attachment":[{"href":"https:\/\/www.sogancioglu.com\/en\/wp-json\/wp\/v2\/media?parent=36"}],"curies":[{"name":"wp","href":"https:\/\/api.w.org\/{rel}","templated":true}]}}