{"id":38,"date":"2020-06-16T22:17:06","date_gmt":"2020-06-16T22:17:06","guid":{"rendered":"http:\/\/sogancioglu.com\/?page_id=38"},"modified":"2026-02-02T14:04:05","modified_gmt":"2026-02-02T14:04:05","slug":"ekibimiz","status":"publish","type":"page","link":"https:\/\/www.sogancioglu.com\/en\/ekibimiz\/","title":{"rendered":"OUR TEAM"},"content":{"rendered":"<div data-elementor-type=\"wp-page\" data-elementor-id=\"38\" class=\"elementor elementor-38\" data-elementor-settings=\"[]\">\n\t\t\t<div class=\"elementor-inner\">\n\t\t\t\t<div class=\"elementor-section-wrap\">\n\t\t\t\t\t\t\t<section class=\"elementor-element elementor-element-7361327 elementor-section-boxed elementor-section-height-default elementor-section-height-default elementor-section elementor-top-section\" data-id=\"7361327\" data-element_type=\"section\">\n\t\t\t\t\t\t<div class=\"elementor-container elementor-column-gap-default\">\n\t\t\t\t<div class=\"elementor-row\">\n\t\t\t\t<div class=\"elementor-element elementor-element-b4946a8 elementor-column elementor-col-100 elementor-top-column\" data-id=\"b4946a8\" data-element_type=\"column\">\n\t\t\t<div class=\"elementor-column-wrap  elementor-element-populated\">\n\t\t\t\t\t<div class=\"elementor-widget-wrap\">\n\t\t\t\t<div class=\"elementor-element elementor-element-b977e0f elementor-widget elementor-widget-image\" data-id=\"b977e0f\" data-element_type=\"widget\" data-widget_type=\"image.default\">\n\t\t\t\t<div class=\"elementor-widget-container\">\n\t\t\t\t\t<div class=\"elementor-image\">\n\t\t\t\t\t\t\t\t\t\t<img loading=\"lazy\" decoding=\"async\" width=\"2560\" height=\"953\" src=\"https:\/\/www.sogancioglu.com\/wp-content\/uploads\/2020\/06\/deneme-7-scaled.jpg\" class=\"attachment-full size-full\" alt=\"\" srcset=\"https:\/\/www.sogancioglu.com\/wp-content\/uploads\/2020\/06\/deneme-7-scaled.jpg 2560w, https:\/\/www.sogancioglu.com\/wp-content\/uploads\/2020\/06\/deneme-7-300x112.jpg 300w, https:\/\/www.sogancioglu.com\/wp-content\/uploads\/2020\/06\/deneme-7-1024x381.jpg 1024w, https:\/\/www.sogancioglu.com\/wp-content\/uploads\/2020\/06\/deneme-7-768x286.jpg 768w, https:\/\/www.sogancioglu.com\/wp-content\/uploads\/2020\/06\/deneme-7-1536x572.jpg 1536w, https:\/\/www.sogancioglu.com\/wp-content\/uploads\/2020\/06\/deneme-7-2048x762.jpg 2048w\" sizes=\"auto, (max-width: 2560px) 100vw, 2560px\" \/>\t\t\t\t\t\t\t\t\t\t\t<\/div>\n\t\t\t\t<\/div>\n\t\t\t\t<\/div>\n\t\t\t\t\t\t<\/div>\n\t\t\t<\/div>\n\t\t<\/div>\n\t\t\t\t\t\t<\/div>\n\t\t\t<\/div>\n\t\t<\/section>\n\t\t\t\t<section class=\"elementor-element elementor-element-60a52b6 elementor-section-boxed elementor-section-height-default elementor-section-height-default elementor-section elementor-top-section\" data-id=\"60a52b6\" data-element_type=\"section\">\n\t\t\t\t\t\t<div class=\"elementor-container elementor-column-gap-default\">\n\t\t\t\t<div class=\"elementor-row\">\n\t\t\t\t<div class=\"elementor-element elementor-element-8f621d4 elementor-column elementor-col-100 elementor-top-column\" data-id=\"8f621d4\" data-element_type=\"column\">\n\t\t\t<div class=\"elementor-column-wrap  elementor-element-populated\">\n\t\t\t\t\t<div class=\"elementor-widget-wrap\">\n\t\t\t\t<div class=\"elementor-element elementor-element-fdaac2a elementor-widget elementor-widget-text-editor\" data-id=\"fdaac2a\" data-element_type=\"widget\" data-widget_type=\"text-editor.default\">\n\t\t\t\t<div class=\"elementor-widget-container\">\n\t\t\t\t\t<div class=\"elementor-text-editor elementor-clearfix\"><p><strong>Av. An\u0131l So\u011fanc\u0131o\u011flu\u00a0\u00a0\u00a0\u00a0\u00a0\u00a0\u00a0\u00a0\u00a0\u00a0\u00a0 :<\/strong><\/p><p style=\"margin-top: 0cm;\"><span style=\"font-family: Roboto;\">2005 y\u0131l\u0131nda \u0130stanbul Bilgi \u00dcniversitesi Hukuk Fak\u00fcltesinden mezun olmu\u015ftur. Hukuk Fak\u00fcltesini bitirdikten sonra \u00e7e\u015fitli alanlarda faaliyet g\u00f6steren \u015firketlerin hukuki dan\u0131\u015fmanl\u0131k hizmetleri ile davalar\u0131nda g\u00f6rev alm\u0131\u015f olan Av. An\u0131l So\u011fanc\u0131o\u011flu, 2007 y\u0131l\u0131nda So\u011fanc\u0131o\u011flu Hukuk B\u00fcrosunu kurmu\u015ftur. 2016 \u2013 2019 y\u0131llar\u0131 aras\u0131nda T\u00fcrkiye Futbol Federasyonu Profesyonel Futbol Disiplin Kurulu \u00dcyeli\u011fi g\u00f6revinde bulunmu\u015ftur. A\u011f\u0131rl\u0131kl\u0131 olarak \u015firketlere hukuki dan\u0131\u015fmanl\u0131k hizmetlerinin sunulmas\u0131, Sigorta Hukuku alan\u0131ndaki davalar ile Tazminat Hukuku alan\u0131ndaki davalar\u0131n y\u00fcr\u00fct\u00fclmesinde g\u00f6rev almaktad\u0131r. \u0130yi derecede \u0130ngilizce bilmektedir.<\/span><\/p><p style=\"margin-top: 0cm;\"><em style=\"font-size: 1rem;\"><b><span style=\"font-family: Roboto;\">Certificates :<\/span><\/b><\/em><\/p><ul><li><em>Sigorta Hukuku,\u00a0<\/em><\/li><li><em>Adli Trafik Kusur, Hasar ve De\u011fer Kayb\u0131, <\/em><\/li><li><em>Bedensel Zararlara \u0130li\u015fkin Hesaplamalar-Akt\u00fcerya,<\/em><\/li><li><em>Uluslararas\u0131 Ticaret, Ta\u015f\u0131ma Hukuku ve Nakliyat Sigortalar\u0131,<\/em><\/li><li><em>\u0130\u015f Hukuku, Sosyal G\u00fcvenlik Hukuku,<\/em><\/li><li><em>Kira Hukuku, <\/em><\/li><li><em>Gayrimenkul Hukuku, Kat M\u00fclkiyeti Hukuku, Arsa Pay\u0131 Kar\u015f\u0131l\u0131\u011f\u0131 \u0130n\u015faat S\u00f6zle\u015fmeleri ve Vergilendirilmesi, Kentsel D\u00f6n\u00fc\u015f\u00fcm Hukuku,\u00a0<\/em><\/li><li><em>Bili\u015fim Hukuku,<\/em><\/li><li><em>Aile Hukuku.<\/em><\/li><\/ul><\/div>\n\t\t\t\t<\/div>\n\t\t\t\t<\/div>\n\t\t\t\t\t\t<\/div>\n\t\t\t<\/div>\n\t\t<\/div>\n\t\t\t\t\t\t<\/div>\n\t\t\t<\/div>\n\t\t<\/section>\n\t\t\t\t<section class=\"elementor-element elementor-element-2b32078 elementor-section-boxed elementor-section-height-default elementor-section-height-default elementor-section elementor-top-section\" data-id=\"2b32078\" data-element_type=\"section\">\n\t\t\t\t\t\t<div class=\"elementor-container elementor-column-gap-default\">\n\t\t\t\t<div class=\"elementor-row\">\n\t\t\t\t<div class=\"elementor-element elementor-element-b9f04c3 elementor-column elementor-col-100 elementor-top-column\" data-id=\"b9f04c3\" data-element_type=\"column\">\n\t\t\t<div class=\"elementor-column-wrap  elementor-element-populated\">\n\t\t\t\t\t<div class=\"elementor-widget-wrap\">\n\t\t\t\t<div class=\"elementor-element elementor-element-51b6bf7 elementor-widget elementor-widget-text-editor\" data-id=\"51b6bf7\" data-element_type=\"widget\" data-widget_type=\"text-editor.default\">\n\t\t\t\t<div class=\"elementor-widget-container\">\n\t\t\t\t\t<div class=\"elementor-text-editor elementor-clearfix\"><p><strong>Av. LL.M \u0130lke So\u011fanc\u0131o\u011flu&nbsp; &nbsp; &nbsp;:<\/strong><\/p>\n<p class=\" translation-block\">After graduation from law school in 2005, she completed her Master's Degree in Bussiness Law at Istanbul Bilgi University and wrote up her master's thesis in the field of Labor Law. She works on mainly Insurance Law <em>(Claim for damages arising from material and bodily injury by Insurance Arbitration Commission),<\/em> Labor Law, Real Estate Law, Divorce Law and Divison of Matrimonial Property cases. She is fluent in English.<\/p>\n<p><strong><em>Sertifikalar&nbsp;&nbsp;&nbsp;&nbsp; :<\/em><\/strong><\/p>\n<ul>\n<li><em>Sigorta Hukuku,&nbsp;<\/em><\/li>\n<li><em>Adli Trafik Kusur, Hasar ve De\u011fer Kayb\u0131,&nbsp;<\/em><\/li>\n<li><em>Bedensel Zararlara \u0130li\u015fkin Hesaplamalar-Akt\u00fcerya,<\/em><\/li>\n<li><em>Uluslararas\u0131 Ticaret, Ta\u015f\u0131ma Hukuku ve Nakliyat Sigortalar\u0131,<\/em><\/li>\n<li><em>Labor Law, Fashion Law<\/em><\/li>\n<li><em>Kira Hukuku, Gayrimenkul (Ta\u015f\u0131nmaz) Hukuku, Kentsel D\u00f6n\u00fc\u015f\u00fcm Hukuku, Kat M\u00fclkiyeti Hukuku.<\/em><\/li>\n<\/ul><\/div>\n\t\t\t\t<\/div>\n\t\t\t\t<\/div>\n\t\t\t\t<div class=\"elementor-element elementor-element-d8eb489 elementor-widget elementor-widget-text-editor\" data-id=\"d8eb489\" data-element_type=\"widget\" data-widget_type=\"text-editor.default\">\n\t\t\t\t<div class=\"elementor-widget-container\">\n\t\t\t\t\t<div class=\"elementor-text-editor elementor-clearfix\"><\/div>\n\t\t\t\t<\/div>\n\t\t\t\t<\/div>\n\t\t\t\t\t\t<\/div>\n\t\t\t<\/div>\n\t\t<\/div>\n\t\t\t\t\t\t<\/div>\n\t\t\t<\/div>\n\t\t<\/section>\n\t\t\t\t\t\t<\/div>\n\t\t\t<\/div>\n\t\t<\/div>","protected":false},"excerpt":{"rendered":"<p>Av. An\u0131l So\u011fanc\u0131o\u011flu\u00a0\u00a0\u00a0\u00a0\u00a0\u00a0\u00a0\u00a0\u00a0\u00a0\u00a0 : 2005 y\u0131l\u0131nda \u0130stanbul Bilgi \u00dcniversitesi Hukuk Fak\u00fcltesinden mezun olmu\u015ftur. Hukuk Fak\u00fcltesini bitirdikten sonra \u00e7e\u015fitli alanlarda faaliyet g\u00f6steren \u015firketlerin hukuki dan\u0131\u015fmanl\u0131k hizmetleri ile davalar\u0131nda g\u00f6rev alm\u0131\u015f olan Av. An\u0131l So\u011fanc\u0131o\u011flu, 2007 y\u0131l\u0131nda So\u011fanc\u0131o\u011flu Hukuk B\u00fcrosunu kurmu\u015ftur. 2016 \u2013 2019 y\u0131llar\u0131 aras\u0131nda T\u00fcrkiye Futbol Federasyonu Profesyonel Futbol Disiplin Kurulu \u00dcyeli\u011fi g\u00f6revinde bulunmu\u015ftur. A\u011f\u0131rl\u0131kl\u0131 [&hellip;]<\/p>","protected":false},"author":1,"featured_media":0,"parent":0,"menu_order":0,"comment_status":"closed","ping_status":"closed","template":"","meta":{"footnotes":""},"class_list":["post-38","page","type-page","status-publish","hentry"],"_links":{"self":[{"href":"https:\/\/www.sogancioglu.com\/en\/wp-json\/wp\/v2\/pages\/38","targetHints":{"allow":["GET"]}}],"collection":[{"href":"https:\/\/www.sogancioglu.com\/en\/wp-json\/wp\/v2\/pages"}],"about":[{"href":"https:\/\/www.sogancioglu.com\/en\/wp-json\/wp\/v2\/types\/page"}],"author":[{"embeddable":true,"href":"https:\/\/www.sogancioglu.com\/en\/wp-json\/wp\/v2\/users\/1"}],"replies":[{"embeddable":true,"href":"https:\/\/www.sogancioglu.com\/en\/wp-json\/wp\/v2\/comments?post=38"}],"version-history":[{"count":65,"href":"https:\/\/www.sogancioglu.com\/en\/wp-json\/wp\/v2\/pages\/38\/revisions"}],"predecessor-version":[{"id":461,"href":"https:\/\/www.sogancioglu.com\/en\/wp-json\/wp\/v2\/pages\/38\/revisions\/461"}],"wp:attachment":[{"href":"https:\/\/www.sogancioglu.com\/en\/wp-json\/wp\/v2\/media?parent=38"}],"curies":[{"name":"wp","href":"https:\/\/api.w.org\/{rel}","templated":true}]}}